{"id":1838,"date":"2022-12-04T12:02:37","date_gmt":"2022-12-04T12:02:37","guid":{"rendered":"https:\/\/www.crystal-lausanne.ch\/chambres\/"},"modified":"2026-01-26T16:14:27","modified_gmt":"2026-01-26T16:14:27","slug":"zimmer","status":"publish","type":"page","link":"https:\/\/www.46a.ch\/de\/zimmer\/","title":{"rendered":"Zimmer"},"content":{"rendered":"\t\t<div data-elementor-type=\"wp-page\" data-elementor-id=\"1838\" class=\"elementor elementor-1838 elementor-624\" data-elementor-post-type=\"page\">\n\t\t\t\t\t\t<section class=\"elementor-section elementor-top-section elementor-element elementor-element-66ff3bab elementor-section-full_width elementor-section-height-default elementor-section-height-default\" data-id=\"66ff3bab\" data-element_type=\"section\" data-settings=\"{&quot;background_background&quot;:&quot;classic&quot;,&quot;jet_parallax_layout_list&quot;:[]}\">\n\t\t\t\t\t\t<div class=\"elementor-container elementor-column-gap-default\">\n\t\t\t\t\t<div class=\"elementor-column elementor-col-100 elementor-top-column elementor-element elementor-element-79d261a7\" data-id=\"79d261a7\" data-element_type=\"column\">\n\t\t\t<div class=\"elementor-widget-wrap elementor-element-populated\">\n\t\t\t\t\t\t<section class=\"elementor-section elementor-inner-section elementor-element elementor-element-190ff984 elementor-section-boxed elementor-section-height-default elementor-section-height-default\" data-id=\"190ff984\" data-element_type=\"section\" data-settings=\"{&quot;jet_parallax_layout_list&quot;:[]}\">\n\t\t\t\t\t\t<div class=\"elementor-container elementor-column-gap-default\">\n\t\t\t\t\t<div class=\"elementor-column elementor-col-100 elementor-inner-column elementor-element elementor-element-750e58cf\" data-id=\"750e58cf\" data-element_type=\"column\">\n\t\t\t<div class=\"elementor-widget-wrap elementor-element-populated\">\n\t\t\t\t\t\t<div class=\"elementor-element elementor-element-1aed554d animated-slow elementor-invisible elementor-widget elementor-widget-heading\" data-id=\"1aed554d\" data-element_type=\"widget\" data-settings=\"{&quot;_animation&quot;:&quot;fadeInDown&quot;}\" data-widget_type=\"heading.default\">\n\t\t\t\t<div class=\"elementor-widget-container\">\n\t\t\t\t\t<h1 class=\"elementor-heading-title elementor-size-default\">Appart\u2019H\u00f4tel 46a Lausanne\n<\/h1>\t\t\t\t<\/div>\n\t\t\t\t<\/div>\n\t\t\t\t<div class=\"elementor-element elementor-element-502bc1e3 animated-slow elementor-invisible elementor-widget elementor-widget-heading\" data-id=\"502bc1e3\" data-element_type=\"widget\" data-settings=\"{&quot;_animation&quot;:&quot;fadeIn&quot;,&quot;_animation_delay&quot;:150}\" data-widget_type=\"heading.default\">\n\t\t\t\t<div class=\"elementor-widget-container\">\n\t\t\t\t\t<h5 class=\"elementor-heading-title elementor-size-default\">Zimmer<\/h5>\t\t\t\t<\/div>\n\t\t\t\t<\/div>\n\t\t\t\t\t<\/div>\n\t\t<\/div>\n\t\t\t\t\t<\/div>\n\t\t<\/section>\n\t\t\t\t<div class=\"elementor-element elementor-element-351d19bd elementor-absolute elementor-widget elementor-widget-spacer\" data-id=\"351d19bd\" data-element_type=\"widget\" data-settings=\"{&quot;_position&quot;:&quot;absolute&quot;}\" data-widget_type=\"spacer.default\">\n\t\t\t\t<div class=\"elementor-widget-container\">\n\t\t\t\t\t\t\t<div class=\"elementor-spacer\">\n\t\t\t<div class=\"elementor-spacer-inner\"><\/div>\n\t\t<\/div>\n\t\t\t\t\t\t<\/div>\n\t\t\t\t<\/div>\n\t\t\t\t<div class=\"elementor-element elementor-element-74c5b1b6 elementor-absolute elementor-widget elementor-widget-spacer\" data-id=\"74c5b1b6\" data-element_type=\"widget\" data-settings=\"{&quot;_position&quot;:&quot;absolute&quot;}\" data-widget_type=\"spacer.default\">\n\t\t\t\t<div class=\"elementor-widget-container\">\n\t\t\t\t\t\t\t<div class=\"elementor-spacer\">\n\t\t\t<div class=\"elementor-spacer-inner\"><\/div>\n\t\t<\/div>\n\t\t\t\t\t\t<\/div>\n\t\t\t\t<\/div>\n\t\t\t\t\t<\/div>\n\t\t<\/div>\n\t\t\t\t\t<\/div>\n\t\t<\/section>\n\t\t<div class=\"elementor-element elementor-element-3f63d6c5 e-flex e-con-boxed e-con e-parent\" data-id=\"3f63d6c5\" data-element_type=\"container\" data-settings=\"{&quot;jet_parallax_layout_list&quot;:[]}\">\n\t\t\t\t\t<div class=\"e-con-inner\">\n\t\t\t\t<div class=\"elementor-element elementor-element-638ba7b9 elementor-widget elementor-widget-menu-anchor\" data-id=\"638ba7b9\" data-element_type=\"widget\" data-widget_type=\"menu-anchor.default\">\n\t\t\t\t<div class=\"elementor-widget-container\">\n\t\t\t\t\t\t\t<div class=\"elementor-menu-anchor\" id=\"book\"><\/div>\n\t\t\t\t\t\t<\/div>\n\t\t\t\t<\/div>\n\t\t\t\t\t<\/div>\n\t\t\t\t<\/div>\n\t\t<div class=\"elementor-element elementor-element-1acb6acf e-flex e-con-boxed e-con e-parent\" data-id=\"1acb6acf\" data-element_type=\"container\" data-settings=\"{&quot;jet_parallax_layout_list&quot;:[]}\">\n\t\t\t\t\t<div class=\"e-con-inner\">\n\t\t<div class=\"elementor-element elementor-element-7d6f509f e-con-full e-flex e-con e-child\" data-id=\"7d6f509f\" data-element_type=\"container\" data-settings=\"{&quot;sticky&quot;:&quot;top&quot;,&quot;sticky_parent&quot;:&quot;yes&quot;,&quot;jet_parallax_layout_list&quot;:[],&quot;sticky_on&quot;:[&quot;desktop&quot;,&quot;tablet&quot;],&quot;sticky_offset&quot;:0,&quot;sticky_effects_offset&quot;:0,&quot;sticky_anchor_link_offset&quot;:0}\">\n\t\t\t\t<div class=\"elementor-element elementor-element-51c1058f elementor-widget elementor-widget-heading\" data-id=\"51c1058f\" data-element_type=\"widget\" data-widget_type=\"heading.default\">\n\t\t\t\t<div class=\"elementor-widget-container\">\n\t\t\t\t\t<h2 class=\"elementor-heading-title elementor-size-default\">Reservieren<\/h2>\t\t\t\t<\/div>\n\t\t\t\t<\/div>\n\t\t\t\t<div class=\"elementor-element elementor-element-cd8f963 elementor-widget elementor-widget-html\" data-id=\"cd8f963\" data-element_type=\"widget\" data-widget_type=\"html.default\">\n\t\t\t\t<div class=\"elementor-widget-container\">\n\t\t\t\t\t<div id=\"spiderBooking\"><\/div>\n<script>\n    $('#spiderBooking').SpiderBooking4({\n  hotelId: '03s693005500b5d0',\n  template: 'vertical',\n  lang: 'de',\n  displayNbPersons: {\n    adults: {\n      initial: 1\n    },\n    children: {\n      initial: 0\n    },\n    infants: {\n      display: false\n    }\n  }\n});\n\n<\/script>\n\n<style>\n    .spiderBooking-input-block__label .label{\n        color : #FFF !important;\n    }\n    \n    .input {\n        border-color: #FFF !important;\n        border-width: 1px !important;\n        color : #FFF !important;\n    }\n    \n    .spiderSelect-single{\n        color : #FFF !important;\n    }\n    \n    .spiderBooking-form__button{\n        background-color: #C4E009 !important;\n    }\n<\/style>\t\t\t\t<\/div>\n\t\t\t\t<\/div>\n\t\t\t\t<\/div>\n\t\t<div class=\"elementor-element elementor-element-5a5afc1e e-con-full e-flex e-con e-child\" data-id=\"5a5afc1e\" data-element_type=\"container\" data-settings=\"{&quot;background_background&quot;:&quot;classic&quot;,&quot;jet_parallax_layout_list&quot;:[]}\">\n\t\t\t\t<div class=\"elementor-element elementor-element-abd5eaf animated-slow elementor-invisible elementor-widget elementor-widget-heading\" data-id=\"abd5eaf\" data-element_type=\"widget\" data-settings=\"{&quot;_animation&quot;:&quot;fadeIn&quot;}\" data-widget_type=\"heading.default\">\n\t\t\t\t<div class=\"elementor-widget-container\">\n\t\t\t\t\t<h2 class=\"elementor-heading-title elementor-size-default\">Zimmer &amp; Apartments\n<\/h2>\t\t\t\t<\/div>\n\t\t\t\t<\/div>\n\t\t\t\t<div class=\"elementor-element elementor-element-49a31b61 introtxt elementor-widget elementor-widget-text-editor\" data-id=\"49a31b61\" data-element_type=\"widget\" data-widget_type=\"text-editor.default\">\n\t\t\t\t<div class=\"elementor-widget-container\">\n\t\t\t\t\t\t\t\t\t<p>Im 46a Appart\u2019H\u00f4tel wurde jedes Zimmer so gestaltet, dass es eine subtile Balance zwischen Komfort, Funktionalit\u00e4t und Ruhe bietet. Ob Sie gesch\u00e4ftlich oder privat in Lausanne sind, hier finden Sie einen Ort der Erholung und Entspannung, nur wenige Schritte vom Genfer See entfernt.<\/p><p>Das Hotel verf\u00fcgt \u00fcber 17 ger\u00e4umige Zimmer und Apartments mit einer Fl\u00e4che von 23 bis 70 m\u00b2. Alle sind mit hochwertigen Betten, einem Flachbildfernseher und einem eigenen Bad ausgestattet, um Ihnen einen komfortablen und unbeschwerten Aufenthalt zu erm\u00f6glichen.<\/p><p>Einige Zimmer verf\u00fcgen \u00fcber eine gem\u00fctliche Sitzecke mit freiem Seeblick, andere wiederum \u00fcber eine Terrasse \u2013 ideal, um das Licht und die Ruhe der Umgebung zu genie\u00dfen. Alle Apartments sind mit einer voll ausgestatteten K\u00fcche ausgestattet, sodass Sie sich wie zu Hause f\u00fchlen werden.<\/p><p>Alle Zimmer verf\u00fcgen \u00fcber eine kostenlose, hochwertige WLAN-Verbindung, damit Sie ganz einfach in Verbindung bleiben k\u00f6nnen, egal ob zum Arbeiten oder zur Unterhaltung.<\/p>\t\t\t\t\t\t\t\t<\/div>\n\t\t\t\t<\/div>\n\t\t\t\t<div class=\"elementor-element elementor-element-ce53d9d elementor-widget elementor-widget-gallery\" data-id=\"ce53d9d\" data-element_type=\"widget\" data-settings=\"{&quot;gallery_layout&quot;:&quot;masonry&quot;,&quot;columns&quot;:3,&quot;lazyload&quot;:&quot;yes&quot;,&quot;columns_tablet&quot;:2,&quot;columns_mobile&quot;:1,&quot;gap&quot;:{&quot;unit&quot;:&quot;px&quot;,&quot;size&quot;:10,&quot;sizes&quot;:[]},&quot;gap_tablet&quot;:{&quot;unit&quot;:&quot;px&quot;,&quot;size&quot;:10,&quot;sizes&quot;:[]},&quot;gap_mobile&quot;:{&quot;unit&quot;:&quot;px&quot;,&quot;size&quot;:10,&quot;sizes&quot;:[]},&quot;link_to&quot;:&quot;file&quot;,&quot;overlay_background&quot;:&quot;yes&quot;,&quot;content_hover_animation&quot;:&quot;fade-in&quot;}\" data-widget_type=\"gallery.default\">\n\t\t\t\t<div class=\"elementor-widget-container\">\n\t\t\t\t\t\t\t<div class=\"elementor-gallery__container\">\n\t\t\t\t\t\t\t<a class=\"e-gallery-item elementor-gallery-item elementor-animated-content\" href=\"https:\/\/www.46a.ch\/wp-content\/uploads\/2026\/01\/Juior-Suite.jpeg\" data-elementor-open-lightbox=\"yes\" data-elementor-lightbox-slideshow=\"ce53d9d\" data-elementor-lightbox-title=\"Juior Suite\" data-e-action-hash=\"#elementor-action%3Aaction%3Dlightbox%26settings%3DeyJpZCI6MjA2OSwidXJsIjoiaHR0cHM6XC9cL3d3dy40NmEuY2hcL3dwLWNvbnRlbnRcL3VwbG9hZHNcLzIwMjZcLzAxXC9KdWlvci1TdWl0ZS5qcGVnIiwic2xpZGVzaG93IjoiY2U1M2Q5ZCJ9\">\n\t\t\t\t\t<div class=\"e-gallery-image elementor-gallery-item__image\" data-thumbnail=\"https:\/\/www.46a.ch\/wp-content\/uploads\/2026\/01\/Juior-Suite-300x200.jpeg\" data-width=\"300\" data-height=\"200\" aria-label=\"\" role=\"img\" ><\/div>\n\t\t\t\t\t\t\t\t\t\t\t<div class=\"elementor-gallery-item__overlay\"><\/div>\n\t\t\t\t\t\t\t\t\t\t\t\t\t\t<\/a>\n\t\t\t\t\t\t\t<a class=\"e-gallery-item elementor-gallery-item elementor-animated-content\" href=\"https:\/\/www.46a.ch\/wp-content\/uploads\/2026\/01\/King-Suite-1-scaled.jpg\" data-elementor-open-lightbox=\"yes\" data-elementor-lightbox-slideshow=\"ce53d9d\" data-elementor-lightbox-title=\"King Suite\" data-e-action-hash=\"#elementor-action%3Aaction%3Dlightbox%26settings%3DeyJpZCI6MjA3MiwidXJsIjoiaHR0cHM6XC9cL3d3dy40NmEuY2hcL3dwLWNvbnRlbnRcL3VwbG9hZHNcLzIwMjZcLzAxXC9LaW5nLVN1aXRlLTEtc2NhbGVkLmpwZyIsInNsaWRlc2hvdyI6ImNlNTNkOWQifQ%3D%3D\">\n\t\t\t\t\t<div class=\"e-gallery-image elementor-gallery-item__image\" data-thumbnail=\"https:\/\/www.46a.ch\/wp-content\/uploads\/2026\/01\/King-Suite-1-300x200.jpg\" data-width=\"300\" data-height=\"200\" aria-label=\"\" role=\"img\" ><\/div>\n\t\t\t\t\t\t\t\t\t\t\t<div class=\"elementor-gallery-item__overlay\"><\/div>\n\t\t\t\t\t\t\t\t\t\t\t\t\t\t<\/a>\n\t\t\t\t\t\t\t<a class=\"e-gallery-item elementor-gallery-item elementor-animated-content\" href=\"https:\/\/www.46a.ch\/wp-content\/uploads\/2026\/01\/Standard-Studio-scaled.jpg\" data-elementor-open-lightbox=\"yes\" data-elementor-lightbox-slideshow=\"ce53d9d\" data-elementor-lightbox-title=\"Standard Studio\" data-e-action-hash=\"#elementor-action%3Aaction%3Dlightbox%26settings%3DeyJpZCI6MjA3NSwidXJsIjoiaHR0cHM6XC9cL3d3dy40NmEuY2hcL3dwLWNvbnRlbnRcL3VwbG9hZHNcLzIwMjZcLzAxXC9TdGFuZGFyZC1TdHVkaW8tc2NhbGVkLmpwZyIsInNsaWRlc2hvdyI6ImNlNTNkOWQifQ%3D%3D\">\n\t\t\t\t\t<div class=\"e-gallery-image elementor-gallery-item__image\" data-thumbnail=\"https:\/\/www.46a.ch\/wp-content\/uploads\/2026\/01\/Standard-Studio-300x200.jpg\" data-width=\"300\" data-height=\"200\" aria-label=\"\" role=\"img\" ><\/div>\n\t\t\t\t\t\t\t\t\t\t\t<div class=\"elementor-gallery-item__overlay\"><\/div>\n\t\t\t\t\t\t\t\t\t\t\t\t\t\t<\/a>\n\t\t\t\t\t\t\t<a class=\"e-gallery-item elementor-gallery-item elementor-animated-content\" href=\"https:\/\/www.46a.ch\/wp-content\/uploads\/2026\/01\/WhatsApp-Image-2026-01-19-at-14.54.45-1.jpeg\" data-elementor-open-lightbox=\"yes\" data-elementor-lightbox-slideshow=\"ce53d9d\" data-elementor-lightbox-title=\"WhatsApp Image 2026-01-19 at 14.54.45 (1)\" data-e-action-hash=\"#elementor-action%3Aaction%3Dlightbox%26settings%3DeyJpZCI6MjEzOCwidXJsIjoiaHR0cHM6XC9cL3d3dy40NmEuY2hcL3dwLWNvbnRlbnRcL3VwbG9hZHNcLzIwMjZcLzAxXC9XaGF0c0FwcC1JbWFnZS0yMDI2LTAxLTE5LWF0LTE0LjU0LjQ1LTEuanBlZyIsInNsaWRlc2hvdyI6ImNlNTNkOWQifQ%3D%3D\">\n\t\t\t\t\t<div class=\"e-gallery-image elementor-gallery-item__image\" data-thumbnail=\"https:\/\/www.46a.ch\/wp-content\/uploads\/2026\/01\/WhatsApp-Image-2026-01-19-at-14.54.45-1-300x200.jpeg\" data-width=\"300\" data-height=\"200\" aria-label=\"\" role=\"img\" ><\/div>\n\t\t\t\t\t\t\t\t\t\t\t<div class=\"elementor-gallery-item__overlay\"><\/div>\n\t\t\t\t\t\t\t\t\t\t\t\t\t\t<\/a>\n\t\t\t\t\t\t\t<a class=\"e-gallery-item elementor-gallery-item elementor-animated-content\" href=\"https:\/\/www.46a.ch\/wp-content\/uploads\/2026\/01\/V1-1-scaled.jpg\" data-elementor-open-lightbox=\"yes\" data-elementor-lightbox-slideshow=\"ce53d9d\" data-elementor-lightbox-title=\"V1\" data-e-action-hash=\"#elementor-action%3Aaction%3Dlightbox%26settings%3DeyJpZCI6MjA4MSwidXJsIjoiaHR0cHM6XC9cL3d3dy40NmEuY2hcL3dwLWNvbnRlbnRcL3VwbG9hZHNcLzIwMjZcLzAxXC9WMS0xLXNjYWxlZC5qcGciLCJzbGlkZXNob3ciOiJjZTUzZDlkIn0%3D\">\n\t\t\t\t\t<div class=\"e-gallery-image elementor-gallery-item__image\" data-thumbnail=\"https:\/\/www.46a.ch\/wp-content\/uploads\/2026\/01\/V1-1-300x200.jpg\" data-width=\"300\" data-height=\"200\" aria-label=\"\" role=\"img\" ><\/div>\n\t\t\t\t\t\t\t\t\t\t\t<div class=\"elementor-gallery-item__overlay\"><\/div>\n\t\t\t\t\t\t\t\t\t\t\t\t\t\t<\/a>\n\t\t\t\t\t\t\t<a class=\"e-gallery-item elementor-gallery-item elementor-animated-content\" href=\"https:\/\/www.46a.ch\/wp-content\/uploads\/2026\/01\/V2-1-scaled.jpg\" data-elementor-open-lightbox=\"yes\" data-elementor-lightbox-slideshow=\"ce53d9d\" data-elementor-lightbox-title=\"V2\" data-e-action-hash=\"#elementor-action%3Aaction%3Dlightbox%26settings%3DeyJpZCI6MjA4NCwidXJsIjoiaHR0cHM6XC9cL3d3dy40NmEuY2hcL3dwLWNvbnRlbnRcL3VwbG9hZHNcLzIwMjZcLzAxXC9WMi0xLXNjYWxlZC5qcGciLCJzbGlkZXNob3ciOiJjZTUzZDlkIn0%3D\">\n\t\t\t\t\t<div class=\"e-gallery-image elementor-gallery-item__image\" data-thumbnail=\"https:\/\/www.46a.ch\/wp-content\/uploads\/2026\/01\/V2-1-300x200.jpg\" data-width=\"300\" data-height=\"200\" aria-label=\"\" role=\"img\" ><\/div>\n\t\t\t\t\t\t\t\t\t\t\t<div class=\"elementor-gallery-item__overlay\"><\/div>\n\t\t\t\t\t\t\t\t\t\t\t\t\t\t<\/a>\n\t\t\t\t\t\t\t<a class=\"e-gallery-item elementor-gallery-item elementor-animated-content\" href=\"https:\/\/www.46a.ch\/wp-content\/uploads\/2026\/01\/V3.jpg\" data-elementor-open-lightbox=\"yes\" data-elementor-lightbox-slideshow=\"ce53d9d\" data-elementor-lightbox-title=\"V3\" data-e-action-hash=\"#elementor-action%3Aaction%3Dlightbox%26settings%3DeyJpZCI6MjA4NywidXJsIjoiaHR0cHM6XC9cL3d3dy40NmEuY2hcL3dwLWNvbnRlbnRcL3VwbG9hZHNcLzIwMjZcLzAxXC9WMy5qcGciLCJzbGlkZXNob3ciOiJjZTUzZDlkIn0%3D\">\n\t\t\t\t\t<div class=\"e-gallery-image elementor-gallery-item__image\" data-thumbnail=\"https:\/\/www.46a.ch\/wp-content\/uploads\/2026\/01\/V3-300x200.jpg\" data-width=\"300\" data-height=\"200\" aria-label=\"\" role=\"img\" ><\/div>\n\t\t\t\t\t\t\t\t\t\t\t<div class=\"elementor-gallery-item__overlay\"><\/div>\n\t\t\t\t\t\t\t\t\t\t\t\t\t\t<\/a>\n\t\t\t\t\t\t\t<a class=\"e-gallery-item elementor-gallery-item elementor-animated-content\" href=\"https:\/\/www.46a.ch\/wp-content\/uploads\/2026\/01\/Stuio-with-Balcony-scaled.jpg\" data-elementor-open-lightbox=\"yes\" data-elementor-lightbox-slideshow=\"ce53d9d\" data-elementor-lightbox-title=\"Stuio with Balcony\" data-e-action-hash=\"#elementor-action%3Aaction%3Dlightbox%26settings%3DeyJpZCI6MjA3OCwidXJsIjoiaHR0cHM6XC9cL3d3dy40NmEuY2hcL3dwLWNvbnRlbnRcL3VwbG9hZHNcLzIwMjZcLzAxXC9TdHVpby13aXRoLUJhbGNvbnktc2NhbGVkLmpwZyIsInNsaWRlc2hvdyI6ImNlNTNkOWQifQ%3D%3D\">\n\t\t\t\t\t<div class=\"e-gallery-image elementor-gallery-item__image\" data-thumbnail=\"https:\/\/www.46a.ch\/wp-content\/uploads\/2026\/01\/Stuio-with-Balcony-300x187.jpg\" data-width=\"300\" data-height=\"187\" aria-label=\"\" role=\"img\" ><\/div>\n\t\t\t\t\t\t\t\t\t\t\t<div class=\"elementor-gallery-item__overlay\"><\/div>\n\t\t\t\t\t\t\t\t\t\t\t\t\t\t<\/a>\n\t\t\t\t\t\t\t<a class=\"e-gallery-item elementor-gallery-item elementor-animated-content\" href=\"https:\/\/www.46a.ch\/wp-content\/uploads\/2026\/01\/WhatsApp-Image-2026-01-19-at-14.54.45.jpeg\" data-elementor-open-lightbox=\"yes\" data-elementor-lightbox-slideshow=\"ce53d9d\" data-elementor-lightbox-title=\"WhatsApp Image 2026-01-19 at 14.54.45\" data-e-action-hash=\"#elementor-action%3Aaction%3Dlightbox%26settings%3DeyJpZCI6MjE0MSwidXJsIjoiaHR0cHM6XC9cL3d3dy40NmEuY2hcL3dwLWNvbnRlbnRcL3VwbG9hZHNcLzIwMjZcLzAxXC9XaGF0c0FwcC1JbWFnZS0yMDI2LTAxLTE5LWF0LTE0LjU0LjQ1LmpwZWciLCJzbGlkZXNob3ciOiJjZTUzZDlkIn0%3D\">\n\t\t\t\t\t<div class=\"e-gallery-image elementor-gallery-item__image\" data-thumbnail=\"https:\/\/www.46a.ch\/wp-content\/uploads\/2026\/01\/WhatsApp-Image-2026-01-19-at-14.54.45-300x169.jpeg\" data-width=\"300\" data-height=\"169\" aria-label=\"\" role=\"img\" ><\/div>\n\t\t\t\t\t\t\t\t\t\t\t<div class=\"elementor-gallery-item__overlay\"><\/div>\n\t\t\t\t\t\t\t\t\t\t\t\t\t\t<\/a>\n\t\t\t\t\t<\/div>\n\t\t\t\t\t<\/div>\n\t\t\t\t<\/div>\n\t\t\t\t<\/div>\n\t\t\t\t\t<\/div>\n\t\t\t\t<\/div>\n\t\t\t\t<\/div>\n\t\t","protected":false},"excerpt":{"rendered":"<p>Appart\u2019H\u00f4tel 46a Lausanne Zimmer Reservieren Zimmer &amp; Apartments Im 46a Appart\u2019H\u00f4tel wurde jedes Zimmer so gestaltet, dass es eine subtile Balance zwischen Komfort, Funktionalit\u00e4t und Ruhe bietet. Ob Sie gesch\u00e4ftlich oder privat in Lausanne sind, hier finden Sie einen Ort der Erholung und Entspannung, nur wenige Schritte vom Genfer See entfernt. Das Hotel verf\u00fcgt \u00fcber [&hellip;]<\/p>\n","protected":false},"author":2,"featured_media":0,"parent":0,"menu_order":0,"comment_status":"closed","ping_status":"closed","template":"elementor_header_footer","meta":{"footnotes":""},"class_list":["post-1838","page","type-page","status-publish","hentry"],"yoast_head":"<!-- This site is optimized with the Yoast SEO plugin v26.7 - https:\/\/yoast.com\/wordpress\/plugins\/seo\/ -->\n<title>Appart\u2019H\u00f4tel 46a - Zimmer - Lausanne- Schweiz<\/title>\n<meta name=\"description\" content=\"Das Appart\u2019H\u00f4tel 46a liegt direkt am See, nur wenige Schritte von den besten Adressen entfernt und bietet einen traumhaften Seeblick.\" \/>\n<meta name=\"robots\" content=\"index, follow, max-snippet:-1, max-image-preview:large, max-video-preview:-1\" \/>\n<link rel=\"canonical\" href=\"https:\/\/www.46a.ch\/de\/zimmer\/\" \/>\n<meta property=\"og:locale\" content=\"de_DE\" \/>\n<meta property=\"og:type\" content=\"article\" \/>\n<meta property=\"og:title\" content=\"Appart\u2019H\u00f4tel 46a - Zimmer - Lausanne- Schweiz\" \/>\n<meta property=\"og:description\" content=\"Das Appart\u2019H\u00f4tel 46a liegt direkt am See, nur wenige Schritte von den besten Adressen entfernt und bietet einen traumhaften Seeblick.\" \/>\n<meta property=\"og:url\" content=\"https:\/\/www.46a.ch\/de\/zimmer\/\" \/>\n<meta property=\"og:site_name\" content=\"46a\" \/>\n<meta property=\"article:modified_time\" content=\"2026-01-26T16:14:27+00:00\" \/>\n<meta name=\"twitter:card\" content=\"summary_large_image\" \/>\n<meta name=\"twitter:label1\" content=\"Gesch\u00e4tzte Lesezeit\" \/>\n\t<meta name=\"twitter:data1\" content=\"2\u00a0Minuten\" \/>\n<script type=\"application\/ld+json\" class=\"yoast-schema-graph\">{\"@context\":\"https:\/\/schema.org\",\"@graph\":[{\"@type\":\"WebPage\",\"@id\":\"https:\/\/www.46a.ch\/de\/zimmer\/\",\"url\":\"https:\/\/www.46a.ch\/de\/zimmer\/\",\"name\":\"Appart\u2019H\u00f4tel 46a - Zimmer - Lausanne- Schweiz\",\"isPartOf\":{\"@id\":\"https:\/\/www.46a.ch\/de\/#website\"},\"datePublished\":\"2022-12-04T12:02:37+00:00\",\"dateModified\":\"2026-01-26T16:14:27+00:00\",\"description\":\"Das Appart\u2019H\u00f4tel 46a liegt direkt am See, nur wenige Schritte von den besten Adressen entfernt und bietet einen traumhaften Seeblick.\",\"breadcrumb\":{\"@id\":\"https:\/\/www.46a.ch\/de\/zimmer\/#breadcrumb\"},\"inLanguage\":\"de\",\"potentialAction\":[{\"@type\":\"ReadAction\",\"target\":[\"https:\/\/www.46a.ch\/de\/zimmer\/\"]}]},{\"@type\":\"BreadcrumbList\",\"@id\":\"https:\/\/www.46a.ch\/de\/zimmer\/#breadcrumb\",\"itemListElement\":[{\"@type\":\"ListItem\",\"position\":1,\"name\":\"Accueil\",\"item\":\"https:\/\/www.46a.ch\/de\/\"},{\"@type\":\"ListItem\",\"position\":2,\"name\":\"Zimmer\"}]},{\"@type\":\"WebSite\",\"@id\":\"https:\/\/www.46a.ch\/de\/#website\",\"url\":\"https:\/\/www.46a.ch\/de\/\",\"name\":\"H\u00f4tel Crystal\",\"description\":\"\",\"publisher\":{\"@id\":\"https:\/\/www.46a.ch\/de\/#organization\"},\"potentialAction\":[{\"@type\":\"SearchAction\",\"target\":{\"@type\":\"EntryPoint\",\"urlTemplate\":\"https:\/\/www.46a.ch\/de\/?s={search_term_string}\"},\"query-input\":{\"@type\":\"PropertyValueSpecification\",\"valueRequired\":true,\"valueName\":\"search_term_string\"}}],\"inLanguage\":\"de\"},{\"@type\":\"Organization\",\"@id\":\"https:\/\/www.46a.ch\/de\/#organization\",\"name\":\"H\u00f4tel Crystal\",\"url\":\"https:\/\/www.46a.ch\/de\/\",\"logo\":{\"@type\":\"ImageObject\",\"inLanguage\":\"de\",\"@id\":\"https:\/\/www.46a.ch\/de\/#\/schema\/logo\/image\/\",\"url\":\"https:\/\/www.46a.ch\/wp-content\/uploads\/2022\/12\/cropped-46a-logo.png\",\"contentUrl\":\"https:\/\/www.46a.ch\/wp-content\/uploads\/2022\/12\/cropped-46a-logo.png\",\"width\":854,\"height\":448,\"caption\":\"H\u00f4tel Crystal\"},\"image\":{\"@id\":\"https:\/\/www.46a.ch\/de\/#\/schema\/logo\/image\/\"}}]}<\/script>\n<!-- \/ Yoast SEO plugin. -->","yoast_head_json":{"title":"Appart\u2019H\u00f4tel 46a - Zimmer - Lausanne- Schweiz","description":"Das Appart\u2019H\u00f4tel 46a liegt direkt am See, nur wenige Schritte von den besten Adressen entfernt und bietet einen traumhaften Seeblick.","robots":{"index":"index","follow":"follow","max-snippet":"max-snippet:-1","max-image-preview":"max-image-preview:large","max-video-preview":"max-video-preview:-1"},"canonical":"https:\/\/www.46a.ch\/de\/zimmer\/","og_locale":"de_DE","og_type":"article","og_title":"Appart\u2019H\u00f4tel 46a - Zimmer - Lausanne- Schweiz","og_description":"Das Appart\u2019H\u00f4tel 46a liegt direkt am See, nur wenige Schritte von den besten Adressen entfernt und bietet einen traumhaften Seeblick.","og_url":"https:\/\/www.46a.ch\/de\/zimmer\/","og_site_name":"46a","article_modified_time":"2026-01-26T16:14:27+00:00","twitter_card":"summary_large_image","twitter_misc":{"Gesch\u00e4tzte Lesezeit":"2\u00a0Minuten"},"schema":{"@context":"https:\/\/schema.org","@graph":[{"@type":"WebPage","@id":"https:\/\/www.46a.ch\/de\/zimmer\/","url":"https:\/\/www.46a.ch\/de\/zimmer\/","name":"Appart\u2019H\u00f4tel 46a - Zimmer - Lausanne- Schweiz","isPartOf":{"@id":"https:\/\/www.46a.ch\/de\/#website"},"datePublished":"2022-12-04T12:02:37+00:00","dateModified":"2026-01-26T16:14:27+00:00","description":"Das Appart\u2019H\u00f4tel 46a liegt direkt am See, nur wenige Schritte von den besten Adressen entfernt und bietet einen traumhaften Seeblick.","breadcrumb":{"@id":"https:\/\/www.46a.ch\/de\/zimmer\/#breadcrumb"},"inLanguage":"de","potentialAction":[{"@type":"ReadAction","target":["https:\/\/www.46a.ch\/de\/zimmer\/"]}]},{"@type":"BreadcrumbList","@id":"https:\/\/www.46a.ch\/de\/zimmer\/#breadcrumb","itemListElement":[{"@type":"ListItem","position":1,"name":"Accueil","item":"https:\/\/www.46a.ch\/de\/"},{"@type":"ListItem","position":2,"name":"Zimmer"}]},{"@type":"WebSite","@id":"https:\/\/www.46a.ch\/de\/#website","url":"https:\/\/www.46a.ch\/de\/","name":"H\u00f4tel Crystal","description":"","publisher":{"@id":"https:\/\/www.46a.ch\/de\/#organization"},"potentialAction":[{"@type":"SearchAction","target":{"@type":"EntryPoint","urlTemplate":"https:\/\/www.46a.ch\/de\/?s={search_term_string}"},"query-input":{"@type":"PropertyValueSpecification","valueRequired":true,"valueName":"search_term_string"}}],"inLanguage":"de"},{"@type":"Organization","@id":"https:\/\/www.46a.ch\/de\/#organization","name":"H\u00f4tel Crystal","url":"https:\/\/www.46a.ch\/de\/","logo":{"@type":"ImageObject","inLanguage":"de","@id":"https:\/\/www.46a.ch\/de\/#\/schema\/logo\/image\/","url":"https:\/\/www.46a.ch\/wp-content\/uploads\/2022\/12\/cropped-46a-logo.png","contentUrl":"https:\/\/www.46a.ch\/wp-content\/uploads\/2022\/12\/cropped-46a-logo.png","width":854,"height":448,"caption":"H\u00f4tel Crystal"},"image":{"@id":"https:\/\/www.46a.ch\/de\/#\/schema\/logo\/image\/"}}]}},"_links":{"self":[{"href":"https:\/\/www.46a.ch\/de\/wp-json\/wp\/v2\/pages\/1838","targetHints":{"allow":["GET"]}}],"collection":[{"href":"https:\/\/www.46a.ch\/de\/wp-json\/wp\/v2\/pages"}],"about":[{"href":"https:\/\/www.46a.ch\/de\/wp-json\/wp\/v2\/types\/page"}],"author":[{"embeddable":true,"href":"https:\/\/www.46a.ch\/de\/wp-json\/wp\/v2\/users\/2"}],"replies":[{"embeddable":true,"href":"https:\/\/www.46a.ch\/de\/wp-json\/wp\/v2\/comments?post=1838"}],"version-history":[{"count":40,"href":"https:\/\/www.46a.ch\/de\/wp-json\/wp\/v2\/pages\/1838\/revisions"}],"predecessor-version":[{"id":2414,"href":"https:\/\/www.46a.ch\/de\/wp-json\/wp\/v2\/pages\/1838\/revisions\/2414"}],"wp:attachment":[{"href":"https:\/\/www.46a.ch\/de\/wp-json\/wp\/v2\/media?parent=1838"}],"curies":[{"name":"wp","href":"https:\/\/api.w.org\/{rel}","templated":true}]}}