{"id":1881,"date":"2022-12-04T12:31:40","date_gmt":"2022-12-04T12:31:40","guid":{"rendered":"https:\/\/www.crystal-lausanne.ch\/informations\/"},"modified":"2026-01-21T07:56:27","modified_gmt":"2026-01-21T07:56:27","slug":"informations","status":"publish","type":"page","link":"https:\/\/www.46a.ch\/de\/informations\/","title":{"rendered":"Informations"},"content":{"rendered":"\t\t<div data-elementor-type=\"wp-page\" data-elementor-id=\"1881\" class=\"elementor elementor-1881 elementor-675\" data-elementor-post-type=\"page\">\n\t\t\t\t\t\t<section class=\"elementor-section elementor-top-section elementor-element elementor-element-66ff3bab elementor-section-full_width elementor-section-height-default elementor-section-height-default\" data-id=\"66ff3bab\" data-element_type=\"section\" data-settings=\"{&quot;background_background&quot;:&quot;classic&quot;,&quot;jet_parallax_layout_list&quot;:[]}\">\n\t\t\t\t\t\t<div class=\"elementor-container elementor-column-gap-default\">\n\t\t\t\t\t<div class=\"elementor-column elementor-col-100 elementor-top-column elementor-element elementor-element-79d261a7\" data-id=\"79d261a7\" data-element_type=\"column\">\n\t\t\t<div class=\"elementor-widget-wrap elementor-element-populated\">\n\t\t\t\t\t\t<section class=\"elementor-section elementor-inner-section elementor-element elementor-element-190ff984 elementor-section-boxed elementor-section-height-default elementor-section-height-default\" data-id=\"190ff984\" data-element_type=\"section\" data-settings=\"{&quot;jet_parallax_layout_list&quot;:[]}\">\n\t\t\t\t\t\t<div class=\"elementor-container elementor-column-gap-default\">\n\t\t\t\t\t<div class=\"elementor-column elementor-col-100 elementor-inner-column elementor-element elementor-element-750e58cf\" data-id=\"750e58cf\" data-element_type=\"column\">\n\t\t\t<div class=\"elementor-widget-wrap elementor-element-populated\">\n\t\t\t\t\t\t<div class=\"elementor-element elementor-element-1aed554d animated-slow elementor-invisible elementor-widget elementor-widget-heading\" data-id=\"1aed554d\" data-element_type=\"widget\" data-settings=\"{&quot;_animation&quot;:&quot;fadeInDown&quot;}\" data-widget_type=\"heading.default\">\n\t\t\t\t<div class=\"elementor-widget-container\">\n\t\t\t\t\t<h1 class=\"elementor-heading-title elementor-size-default\">Appart\u2019H\u00f4tel 46a Lausanne\n<\/h1>\t\t\t\t<\/div>\n\t\t\t\t<\/div>\n\t\t\t\t<div class=\"elementor-element elementor-element-502bc1e3 animated-slow elementor-invisible elementor-widget elementor-widget-heading\" data-id=\"502bc1e3\" data-element_type=\"widget\" data-settings=\"{&quot;_animation&quot;:&quot;fadeIn&quot;,&quot;_animation_delay&quot;:150}\" data-widget_type=\"heading.default\">\n\t\t\t\t<div class=\"elementor-widget-container\">\n\t\t\t\t\t<h5 class=\"elementor-heading-title elementor-size-default\">Informations<\/h5>\t\t\t\t<\/div>\n\t\t\t\t<\/div>\n\t\t\t\t\t<\/div>\n\t\t<\/div>\n\t\t\t\t\t<\/div>\n\t\t<\/section>\n\t\t\t\t<div class=\"elementor-element elementor-element-351d19bd elementor-absolute elementor-widget elementor-widget-spacer\" data-id=\"351d19bd\" data-element_type=\"widget\" data-settings=\"{&quot;_position&quot;:&quot;absolute&quot;}\" data-widget_type=\"spacer.default\">\n\t\t\t\t<div class=\"elementor-widget-container\">\n\t\t\t\t\t\t\t<div class=\"elementor-spacer\">\n\t\t\t<div class=\"elementor-spacer-inner\"><\/div>\n\t\t<\/div>\n\t\t\t\t\t\t<\/div>\n\t\t\t\t<\/div>\n\t\t\t\t<div class=\"elementor-element elementor-element-74c5b1b6 elementor-absolute elementor-widget elementor-widget-spacer\" data-id=\"74c5b1b6\" data-element_type=\"widget\" data-settings=\"{&quot;_position&quot;:&quot;absolute&quot;}\" data-widget_type=\"spacer.default\">\n\t\t\t\t<div class=\"elementor-widget-container\">\n\t\t\t\t\t\t\t<div class=\"elementor-spacer\">\n\t\t\t<div class=\"elementor-spacer-inner\"><\/div>\n\t\t<\/div>\n\t\t\t\t\t\t<\/div>\n\t\t\t\t<\/div>\n\t\t\t\t\t<\/div>\n\t\t<\/div>\n\t\t\t\t\t<\/div>\n\t\t<\/section>\n\t\t<div class=\"elementor-element elementor-element-6352ac0f e-flex e-con-boxed e-con e-parent\" data-id=\"6352ac0f\" data-element_type=\"container\" data-settings=\"{&quot;jet_parallax_layout_list&quot;:[]}\">\n\t\t\t\t\t<div class=\"e-con-inner\">\n\t\t\t\t<div class=\"elementor-element elementor-element-5c87c0ab elementor-widget elementor-widget-menu-anchor\" data-id=\"5c87c0ab\" data-element_type=\"widget\" data-widget_type=\"menu-anchor.default\">\n\t\t\t\t<div class=\"elementor-widget-container\">\n\t\t\t\t\t\t\t<div class=\"elementor-menu-anchor\" id=\"book\"><\/div>\n\t\t\t\t\t\t<\/div>\n\t\t\t\t<\/div>\n\t\t\t\t\t<\/div>\n\t\t\t\t<\/div>\n\t\t<div class=\"elementor-element elementor-element-24848311 e-flex e-con-boxed e-con e-parent\" data-id=\"24848311\" data-element_type=\"container\" data-settings=\"{&quot;jet_parallax_layout_list&quot;:[]}\">\n\t\t\t\t\t<div class=\"e-con-inner\">\n\t\t<div class=\"elementor-element elementor-element-1a24a859 e-con-full e-flex e-con e-child\" data-id=\"1a24a859\" data-element_type=\"container\" data-settings=\"{&quot;sticky&quot;:&quot;top&quot;,&quot;sticky_parent&quot;:&quot;yes&quot;,&quot;jet_parallax_layout_list&quot;:[],&quot;sticky_on&quot;:[&quot;desktop&quot;,&quot;tablet&quot;],&quot;sticky_offset&quot;:0,&quot;sticky_effects_offset&quot;:0,&quot;sticky_anchor_link_offset&quot;:0}\">\n\t\t\t\t<div class=\"elementor-element elementor-element-298e9cc elementor-widget elementor-widget-heading\" data-id=\"298e9cc\" data-element_type=\"widget\" data-widget_type=\"heading.default\">\n\t\t\t\t<div class=\"elementor-widget-container\">\n\t\t\t\t\t<h2 class=\"elementor-heading-title elementor-size-default\">RESERVIEREN<\/h2>\t\t\t\t<\/div>\n\t\t\t\t<\/div>\n\t\t\t\t<div class=\"elementor-element elementor-element-14ef2fe elementor-widget elementor-widget-html\" data-id=\"14ef2fe\" data-element_type=\"widget\" data-widget_type=\"html.default\">\n\t\t\t\t<div class=\"elementor-widget-container\">\n\t\t\t\t\t<div id=\"spiderBooking\"><\/div>\n<script>\n    $('#spiderBooking').SpiderBooking4({\n  hotelId: '03s693005500b5d0',\n  template: 'vertical',\n  lang: 'de',\n  displayNbPersons: {\n    adults: {\n      initial: 1\n    },\n    children: {\n      initial: 0\n    },\n    infants: {\n      display: false\n    }\n  }\n});\n\n<\/script>\n\n<style>\n    .spiderBooking-input-block__label .label{\n        color : #FFF !important;\n    }\n    \n    .input {\n        border-color: #FFF !important;\n        border-width: 1px !important;\n        color : #FFF !important;\n    }\n    \n    .spiderSelect-single{\n        color : #FFF !important;\n    }\n    \n    .spiderBooking-form__button{\n        background-color: #C4E009 !important;\n    }\n<\/style>\t\t\t\t<\/div>\n\t\t\t\t<\/div>\n\t\t\t\t<\/div>\n\t\t<div class=\"elementor-element elementor-element-305ed4c1 e-con-full e-flex e-con e-child\" data-id=\"305ed4c1\" data-element_type=\"container\" data-settings=\"{&quot;background_background&quot;:&quot;classic&quot;,&quot;jet_parallax_layout_list&quot;:[]}\">\n\t\t\t\t<div class=\"elementor-element elementor-element-3e6bd118 animated-slow elementor-invisible elementor-widget elementor-widget-heading\" data-id=\"3e6bd118\" data-element_type=\"widget\" data-settings=\"{&quot;_animation&quot;:&quot;fadeIn&quot;}\" data-widget_type=\"heading.default\">\n\t\t\t\t<div class=\"elementor-widget-container\">\n\t\t\t\t\t<h2 class=\"elementor-heading-title elementor-size-default\">Informations<\/h2>\t\t\t\t<\/div>\n\t\t\t\t<\/div>\n\t\t\t\t<div class=\"elementor-element elementor-element-19eb9717 introtxt elementor-widget elementor-widget-text-editor\" data-id=\"19eb9717\" data-element_type=\"widget\" id=\"txt\" data-widget_type=\"text-editor.default\">\n\t\t\t\t<div class=\"elementor-widget-container\">\n\t\t\t\t\t\t\t\t\t<p>Lausanne ist aufgrund ihrer Lebensqualit\u00e4t, ihrer zentralen Lage und ihrer Infrastruktur eine attraktive Stadt. Sie ist bekannt f\u00fcr ihre Landschaften, ihre Geschichte und ihre Einwohner und zeichnet sich durch ihre einzigartige Atmosph\u00e4re aus, die das Gesch\u00e4ftszentrum und die Altstadt miteinander verbindet&#8230; was ihr einen ganz besonderen Charme verleiht.<\/p><h2>Der perfekte Kompromiss zwischen See und Stadt<\/h2><p>Das 46a Appart\u2019H\u00f4tel genie\u00dft eine privilegierte Lage an der Avenue de Rhodanie, nur wenige Schritte vom Genfer See entfernt. Am Rande des Stadtzentrums von Lausanne gelegen, sind die Altstadt und die majest\u00e4tische Kathedrale von Lausanne aus dem 13. Jahrhundert mit \u00f6ffentlichen Verkehrsmitteln oder f\u00fcr Neugierige auch zu Fu\u00df in wenigen Minuten leicht zu erreichen.<\/p><p>Das ber\u00fchmte Olympische Museum befindet sich in unmittelbarer N\u00e4he, ebenso wie das Viertel Ouchy, das in wenigen Minuten zu Fu\u00df entlang der Uferpromenade oder mit der Metro vom Stadtzentrum aus erreichbar ist.<\/p><h2>Ein Aufenthalt im Rhythmus von Lausanne<\/h2><p>Zwischen Spazierg\u00e4ngen am Seeufer, entspannten Momenten auf den Terrassen von Ouchy und kulturellen Entdeckungen im Herzen der Stadt ist das 46a Appart\u2019H\u00f4tel ein idealer Ausgangspunkt, um Lausanne in Ihrem eigenen Tempo zu erkunden. Ob Sie gesch\u00e4ftlich unterwegs sind oder einen St\u00e4dtetrip machen, das Hotel bietet die perfekte Balance zwischen Ruhe, Erreichbarkeit und Komfort f\u00fcr einen erholsamen und inspirierenden Aufenthalt.<\/p>\t\t\t\t\t\t\t\t<\/div>\n\t\t\t\t<\/div>\n\t\t\t\t<div class=\"elementor-element elementor-element-451555e elementor-widget elementor-widget-image\" data-id=\"451555e\" data-element_type=\"widget\" data-widget_type=\"image.default\">\n\t\t\t\t<div class=\"elementor-widget-container\">\n\t\t\t\t\t\t\t\t\t\t\t\t\t\t\t<img fetchpriority=\"high\" decoding=\"async\" width=\"800\" height=\"534\" src=\"https:\/\/www.46a.ch\/wp-content\/uploads\/2026\/01\/V3.jpg\" class=\"attachment-large size-large wp-image-2087\" alt=\"\" srcset=\"https:\/\/www.46a.ch\/wp-content\/uploads\/2026\/01\/V3.jpg 1024w, https:\/\/www.46a.ch\/wp-content\/uploads\/2026\/01\/V3-300x200.jpg 300w, https:\/\/www.46a.ch\/wp-content\/uploads\/2026\/01\/V3-768x512.jpg 768w\" sizes=\"(max-width: 800px) 100vw, 800px\" \/>\t\t\t\t\t\t\t\t\t\t\t\t\t\t\t<\/div>\n\t\t\t\t<\/div>\n\t\t\t\t<div class=\"elementor-element elementor-element-a931e14 introtxt elementor-widget elementor-widget-text-editor\" data-id=\"a931e14\" data-element_type=\"widget\" id=\"txt\" data-widget_type=\"text-editor.default\">\n\t\t\t\t<div class=\"elementor-widget-container\">\n\t\t\t\t\t\t\t\t\t<h2>Lageplan<\/h2><p>Das 46a Appart\u2019H\u00f4tel liegt ideal an der Avenue de Rhodanie, in unmittelbarer N\u00e4he des Genfer Sees, des Stadtteils Ouchy und des Olympischen Museums. Es bietet eine gute Anbindung an das Stadtzentrum, die Gesch\u00e4ftsviertel und die wichtigsten akademischen Einrichtungen von Lausanne.<\/p><p><strong>Parken<\/strong><br \/>Parkm\u00f6glichkeiten stehen in der N\u00e4he des Hotels zur Verf\u00fcgung. Die Rezeption ber\u00e4t Sie gerne \u00fcber die am besten geeigneten L\u00f6sungen.<\/p><p><strong>Mit dem Auto<\/strong><br \/>Von der Autobahn A1, Ausfahrt Lausanne-Sud oder Malley, folgen Sie der Richtung Ouchy und dann der Avenue de Rhodanie. Das Hotel ist leicht zu erreichen und gut ausgeschildert.<\/p><p><strong>Vom Bahnhof Lausanne<\/strong><br \/>Metro M2 Richtung Ouchy-Olympique (Endstation), dann wenige Minuten zu Fu\u00df entlang des Sees.<br \/>Mehrere Buslinien der TL bedienen ebenfalls den Bereich der Avenue de Rhodanie.<\/p><p><strong>Vom Flughafen Genf<\/strong><br \/>Entfernung ca. 60 km. Direkte und h\u00e4ufige Zugverbindungen zum Bahnhof Lausanne.<\/p><p><strong>Um zur EPFL oder zur Universit\u00e4t Lausanne (UNIL) zu gelangen<\/strong><br \/>Metro M2 bis Lausanne-Gare, dann umsteigen in die Metro M1 in Richtung Renens-Gare.<\/p>\t\t\t\t\t\t\t\t<\/div>\n\t\t\t\t<\/div>\n\t\t\t\t<\/div>\n\t\t\t\t\t<\/div>\n\t\t\t\t<\/div>\n\t\t\t\t<\/div>\n\t\t","protected":false},"excerpt":{"rendered":"<p>Appart\u2019H\u00f4tel 46a Lausanne Informations RESERVIEREN Informations Lausanne ist aufgrund ihrer Lebensqualit\u00e4t, ihrer zentralen Lage und ihrer Infrastruktur eine attraktive Stadt. Sie ist bekannt f\u00fcr ihre Landschaften, ihre Geschichte und ihre Einwohner und zeichnet sich durch ihre einzigartige Atmosph\u00e4re aus, die das Gesch\u00e4ftszentrum und die Altstadt miteinander verbindet&#8230; was ihr einen ganz besonderen Charme verleiht. Der [&hellip;]<\/p>\n","protected":false},"author":2,"featured_media":0,"parent":0,"menu_order":0,"comment_status":"closed","ping_status":"closed","template":"elementor_header_footer","meta":{"footnotes":""},"class_list":["post-1881","page","type-page","status-publish","hentry"],"yoast_head":"<!-- This site is optimized with the Yoast SEO plugin v26.7 - https:\/\/yoast.com\/wordpress\/plugins\/seo\/ -->\n<title>Appart\u2019H\u00f4tel 46a - Informations - Lausanne- Schweiz<\/title>\n<meta name=\"description\" content=\"Das Appart\u2019H\u00f4tel 46a liegt direkt am See, nur wenige Schritte von den besten Adressen entfernt und bietet einen traumhaften Seeblick.\" \/>\n<meta name=\"robots\" content=\"index, follow, max-snippet:-1, max-image-preview:large, max-video-preview:-1\" \/>\n<link rel=\"canonical\" href=\"https:\/\/www.46a.ch\/de\/informations\/\" \/>\n<meta property=\"og:locale\" content=\"de_DE\" \/>\n<meta property=\"og:type\" content=\"article\" \/>\n<meta property=\"og:title\" content=\"Appart\u2019H\u00f4tel 46a - Informations - Lausanne- Schweiz\" \/>\n<meta property=\"og:description\" content=\"Das Appart\u2019H\u00f4tel 46a liegt direkt am See, nur wenige Schritte von den besten Adressen entfernt und bietet einen traumhaften Seeblick.\" \/>\n<meta property=\"og:url\" content=\"https:\/\/www.46a.ch\/de\/informations\/\" \/>\n<meta property=\"og:site_name\" content=\"46a\" \/>\n<meta property=\"article:modified_time\" content=\"2026-01-21T07:56:27+00:00\" \/>\n<meta property=\"og:image\" content=\"https:\/\/46a.ch\/wp-content\/uploads\/2026\/01\/V3.jpg\" \/>\n<meta name=\"twitter:card\" content=\"summary_large_image\" \/>\n<meta name=\"twitter:label1\" content=\"Gesch\u00e4tzte Lesezeit\" \/>\n\t<meta name=\"twitter:data1\" content=\"3\u00a0Minuten\" \/>\n<script type=\"application\/ld+json\" class=\"yoast-schema-graph\">{\"@context\":\"https:\/\/schema.org\",\"@graph\":[{\"@type\":\"WebPage\",\"@id\":\"https:\/\/www.46a.ch\/de\/informations\/\",\"url\":\"https:\/\/www.46a.ch\/de\/informations\/\",\"name\":\"Appart\u2019H\u00f4tel 46a - Informations - Lausanne- Schweiz\",\"isPartOf\":{\"@id\":\"https:\/\/www.46a.ch\/de\/#website\"},\"primaryImageOfPage\":{\"@id\":\"https:\/\/www.46a.ch\/de\/informations\/#primaryimage\"},\"image\":{\"@id\":\"https:\/\/www.46a.ch\/de\/informations\/#primaryimage\"},\"thumbnailUrl\":\"https:\/\/46a.ch\/wp-content\/uploads\/2026\/01\/V3.jpg\",\"datePublished\":\"2022-12-04T12:31:40+00:00\",\"dateModified\":\"2026-01-21T07:56:27+00:00\",\"description\":\"Das Appart\u2019H\u00f4tel 46a liegt direkt am See, nur wenige Schritte von den besten Adressen entfernt und bietet einen traumhaften Seeblick.\",\"breadcrumb\":{\"@id\":\"https:\/\/www.46a.ch\/de\/informations\/#breadcrumb\"},\"inLanguage\":\"de\",\"potentialAction\":[{\"@type\":\"ReadAction\",\"target\":[\"https:\/\/www.46a.ch\/de\/informations\/\"]}]},{\"@type\":\"ImageObject\",\"inLanguage\":\"de\",\"@id\":\"https:\/\/www.46a.ch\/de\/informations\/#primaryimage\",\"url\":\"https:\/\/46a.ch\/wp-content\/uploads\/2026\/01\/V3.jpg\",\"contentUrl\":\"https:\/\/46a.ch\/wp-content\/uploads\/2026\/01\/V3.jpg\"},{\"@type\":\"BreadcrumbList\",\"@id\":\"https:\/\/www.46a.ch\/de\/informations\/#breadcrumb\",\"itemListElement\":[{\"@type\":\"ListItem\",\"position\":1,\"name\":\"Accueil\",\"item\":\"https:\/\/www.46a.ch\/de\/\"},{\"@type\":\"ListItem\",\"position\":2,\"name\":\"Informations\"}]},{\"@type\":\"WebSite\",\"@id\":\"https:\/\/www.46a.ch\/de\/#website\",\"url\":\"https:\/\/www.46a.ch\/de\/\",\"name\":\"H\u00f4tel Crystal\",\"description\":\"\",\"publisher\":{\"@id\":\"https:\/\/www.46a.ch\/de\/#organization\"},\"potentialAction\":[{\"@type\":\"SearchAction\",\"target\":{\"@type\":\"EntryPoint\",\"urlTemplate\":\"https:\/\/www.46a.ch\/de\/?s={search_term_string}\"},\"query-input\":{\"@type\":\"PropertyValueSpecification\",\"valueRequired\":true,\"valueName\":\"search_term_string\"}}],\"inLanguage\":\"de\"},{\"@type\":\"Organization\",\"@id\":\"https:\/\/www.46a.ch\/de\/#organization\",\"name\":\"H\u00f4tel Crystal\",\"url\":\"https:\/\/www.46a.ch\/de\/\",\"logo\":{\"@type\":\"ImageObject\",\"inLanguage\":\"de\",\"@id\":\"https:\/\/www.46a.ch\/de\/#\/schema\/logo\/image\/\",\"url\":\"https:\/\/www.46a.ch\/wp-content\/uploads\/2022\/12\/cropped-46a-logo.png\",\"contentUrl\":\"https:\/\/www.46a.ch\/wp-content\/uploads\/2022\/12\/cropped-46a-logo.png\",\"width\":854,\"height\":448,\"caption\":\"H\u00f4tel Crystal\"},\"image\":{\"@id\":\"https:\/\/www.46a.ch\/de\/#\/schema\/logo\/image\/\"}}]}<\/script>\n<!-- \/ Yoast SEO plugin. -->","yoast_head_json":{"title":"Appart\u2019H\u00f4tel 46a - Informations - Lausanne- Schweiz","description":"Das Appart\u2019H\u00f4tel 46a liegt direkt am See, nur wenige Schritte von den besten Adressen entfernt und bietet einen traumhaften Seeblick.","robots":{"index":"index","follow":"follow","max-snippet":"max-snippet:-1","max-image-preview":"max-image-preview:large","max-video-preview":"max-video-preview:-1"},"canonical":"https:\/\/www.46a.ch\/de\/informations\/","og_locale":"de_DE","og_type":"article","og_title":"Appart\u2019H\u00f4tel 46a - Informations - Lausanne- Schweiz","og_description":"Das Appart\u2019H\u00f4tel 46a liegt direkt am See, nur wenige Schritte von den besten Adressen entfernt und bietet einen traumhaften Seeblick.","og_url":"https:\/\/www.46a.ch\/de\/informations\/","og_site_name":"46a","article_modified_time":"2026-01-21T07:56:27+00:00","og_image":[{"url":"https:\/\/46a.ch\/wp-content\/uploads\/2026\/01\/V3.jpg","type":"","width":"","height":""}],"twitter_card":"summary_large_image","twitter_misc":{"Gesch\u00e4tzte Lesezeit":"3\u00a0Minuten"},"schema":{"@context":"https:\/\/schema.org","@graph":[{"@type":"WebPage","@id":"https:\/\/www.46a.ch\/de\/informations\/","url":"https:\/\/www.46a.ch\/de\/informations\/","name":"Appart\u2019H\u00f4tel 46a - Informations - Lausanne- Schweiz","isPartOf":{"@id":"https:\/\/www.46a.ch\/de\/#website"},"primaryImageOfPage":{"@id":"https:\/\/www.46a.ch\/de\/informations\/#primaryimage"},"image":{"@id":"https:\/\/www.46a.ch\/de\/informations\/#primaryimage"},"thumbnailUrl":"https:\/\/46a.ch\/wp-content\/uploads\/2026\/01\/V3.jpg","datePublished":"2022-12-04T12:31:40+00:00","dateModified":"2026-01-21T07:56:27+00:00","description":"Das Appart\u2019H\u00f4tel 46a liegt direkt am See, nur wenige Schritte von den besten Adressen entfernt und bietet einen traumhaften Seeblick.","breadcrumb":{"@id":"https:\/\/www.46a.ch\/de\/informations\/#breadcrumb"},"inLanguage":"de","potentialAction":[{"@type":"ReadAction","target":["https:\/\/www.46a.ch\/de\/informations\/"]}]},{"@type":"ImageObject","inLanguage":"de","@id":"https:\/\/www.46a.ch\/de\/informations\/#primaryimage","url":"https:\/\/46a.ch\/wp-content\/uploads\/2026\/01\/V3.jpg","contentUrl":"https:\/\/46a.ch\/wp-content\/uploads\/2026\/01\/V3.jpg"},{"@type":"BreadcrumbList","@id":"https:\/\/www.46a.ch\/de\/informations\/#breadcrumb","itemListElement":[{"@type":"ListItem","position":1,"name":"Accueil","item":"https:\/\/www.46a.ch\/de\/"},{"@type":"ListItem","position":2,"name":"Informations"}]},{"@type":"WebSite","@id":"https:\/\/www.46a.ch\/de\/#website","url":"https:\/\/www.46a.ch\/de\/","name":"H\u00f4tel Crystal","description":"","publisher":{"@id":"https:\/\/www.46a.ch\/de\/#organization"},"potentialAction":[{"@type":"SearchAction","target":{"@type":"EntryPoint","urlTemplate":"https:\/\/www.46a.ch\/de\/?s={search_term_string}"},"query-input":{"@type":"PropertyValueSpecification","valueRequired":true,"valueName":"search_term_string"}}],"inLanguage":"de"},{"@type":"Organization","@id":"https:\/\/www.46a.ch\/de\/#organization","name":"H\u00f4tel Crystal","url":"https:\/\/www.46a.ch\/de\/","logo":{"@type":"ImageObject","inLanguage":"de","@id":"https:\/\/www.46a.ch\/de\/#\/schema\/logo\/image\/","url":"https:\/\/www.46a.ch\/wp-content\/uploads\/2022\/12\/cropped-46a-logo.png","contentUrl":"https:\/\/www.46a.ch\/wp-content\/uploads\/2022\/12\/cropped-46a-logo.png","width":854,"height":448,"caption":"H\u00f4tel Crystal"},"image":{"@id":"https:\/\/www.46a.ch\/de\/#\/schema\/logo\/image\/"}}]}},"_links":{"self":[{"href":"https:\/\/www.46a.ch\/de\/wp-json\/wp\/v2\/pages\/1881","targetHints":{"allow":["GET"]}}],"collection":[{"href":"https:\/\/www.46a.ch\/de\/wp-json\/wp\/v2\/pages"}],"about":[{"href":"https:\/\/www.46a.ch\/de\/wp-json\/wp\/v2\/types\/page"}],"author":[{"embeddable":true,"href":"https:\/\/www.46a.ch\/de\/wp-json\/wp\/v2\/users\/2"}],"replies":[{"embeddable":true,"href":"https:\/\/www.46a.ch\/de\/wp-json\/wp\/v2\/comments?post=1881"}],"version-history":[{"count":33,"href":"https:\/\/www.46a.ch\/de\/wp-json\/wp\/v2\/pages\/1881\/revisions"}],"predecessor-version":[{"id":2284,"href":"https:\/\/www.46a.ch\/de\/wp-json\/wp\/v2\/pages\/1881\/revisions\/2284"}],"wp:attachment":[{"href":"https:\/\/www.46a.ch\/de\/wp-json\/wp\/v2\/media?parent=1881"}],"curies":[{"name":"wp","href":"https:\/\/api.w.org\/{rel}","templated":true}]}}