{"id":2371,"date":"2026-01-22T17:44:54","date_gmt":"2026-01-22T17:44:54","guid":{"rendered":"https:\/\/www.46a.ch\/crystal-lausanne\/"},"modified":"2026-01-22T18:01:26","modified_gmt":"2026-01-22T18:01:26","slug":"crystal-lausanne","status":"publish","type":"page","link":"https:\/\/www.46a.ch\/en\/crystal-lausanne\/","title":{"rendered":"Press release \u2013 Crystal Hotel Lausanne"},"content":{"rendered":"\t\t<div data-elementor-type=\"wp-page\" data-elementor-id=\"2371\" class=\"elementor elementor-2371 elementor-2361\" data-elementor-post-type=\"page\">\n\t\t\t\t\t\t<section class=\"elementor-section elementor-top-section elementor-element elementor-element-66ff3bab elementor-section-full_width elementor-section-height-default elementor-section-height-default\" data-id=\"66ff3bab\" data-element_type=\"section\" data-settings=\"{&quot;background_background&quot;:&quot;classic&quot;,&quot;jet_parallax_layout_list&quot;:[]}\">\n\t\t\t\t\t\t<div class=\"elementor-container elementor-column-gap-default\">\n\t\t\t\t\t<div class=\"elementor-column elementor-col-100 elementor-top-column elementor-element elementor-element-79d261a7\" data-id=\"79d261a7\" data-element_type=\"column\">\n\t\t\t<div class=\"elementor-widget-wrap elementor-element-populated\">\n\t\t\t\t\t\t<section class=\"elementor-section elementor-inner-section elementor-element elementor-element-190ff984 elementor-section-boxed elementor-section-height-default elementor-section-height-default\" data-id=\"190ff984\" data-element_type=\"section\" data-settings=\"{&quot;jet_parallax_layout_list&quot;:[]}\">\n\t\t\t\t\t\t<div class=\"elementor-container elementor-column-gap-default\">\n\t\t\t\t\t<div class=\"elementor-column elementor-col-100 elementor-inner-column elementor-element elementor-element-750e58cf\" data-id=\"750e58cf\" data-element_type=\"column\">\n\t\t\t<div class=\"elementor-widget-wrap elementor-element-populated\">\n\t\t\t\t\t\t<div class=\"elementor-element elementor-element-1aed554d animated-slow elementor-invisible elementor-widget elementor-widget-heading\" data-id=\"1aed554d\" data-element_type=\"widget\" data-settings=\"{&quot;_animation&quot;:&quot;fadeInDown&quot;}\" data-widget_type=\"heading.default\">\n\t\t\t\t<div class=\"elementor-widget-container\">\n\t\t\t\t\t<h1 class=\"elementor-heading-title elementor-size-default\">H\u00f4tel Crystal Lausanne<\/h1>\t\t\t\t<\/div>\n\t\t\t\t<\/div>\n\t\t\t\t\t<\/div>\n\t\t<\/div>\n\t\t\t\t\t<\/div>\n\t\t<\/section>\n\t\t\t\t<div class=\"elementor-element elementor-element-351d19bd elementor-absolute elementor-widget elementor-widget-spacer\" data-id=\"351d19bd\" data-element_type=\"widget\" data-settings=\"{&quot;_position&quot;:&quot;absolute&quot;}\" data-widget_type=\"spacer.default\">\n\t\t\t\t<div class=\"elementor-widget-container\">\n\t\t\t\t\t\t\t<div class=\"elementor-spacer\">\n\t\t\t<div class=\"elementor-spacer-inner\"><\/div>\n\t\t<\/div>\n\t\t\t\t\t\t<\/div>\n\t\t\t\t<\/div>\n\t\t\t\t<div class=\"elementor-element elementor-element-74c5b1b6 elementor-absolute elementor-widget elementor-widget-spacer\" data-id=\"74c5b1b6\" data-element_type=\"widget\" data-settings=\"{&quot;_position&quot;:&quot;absolute&quot;}\" data-widget_type=\"spacer.default\">\n\t\t\t\t<div class=\"elementor-widget-container\">\n\t\t\t\t\t\t\t<div class=\"elementor-spacer\">\n\t\t\t<div class=\"elementor-spacer-inner\"><\/div>\n\t\t<\/div>\n\t\t\t\t\t\t<\/div>\n\t\t\t\t<\/div>\n\t\t\t\t\t<\/div>\n\t\t<\/div>\n\t\t\t\t\t<\/div>\n\t\t<\/section>\n\t\t<div class=\"elementor-element elementor-element-63f41ca0 e-flex e-con-boxed e-con e-parent\" data-id=\"63f41ca0\" data-element_type=\"container\" data-settings=\"{&quot;jet_parallax_layout_list&quot;:[]}\">\n\t\t\t\t\t<div class=\"e-con-inner\">\n\t\t<div class=\"elementor-element elementor-element-51783fa1 e-con-full e-flex e-con e-child\" data-id=\"51783fa1\" data-element_type=\"container\" data-settings=\"{&quot;background_background&quot;:&quot;classic&quot;,&quot;jet_parallax_layout_list&quot;:[]}\">\n\t\t\t\t<div class=\"elementor-element elementor-element-7a615e42 animated-slow elementor-invisible elementor-widget elementor-widget-heading\" data-id=\"7a615e42\" data-element_type=\"widget\" data-settings=\"{&quot;_animation&quot;:&quot;fadeIn&quot;}\" data-widget_type=\"heading.default\">\n\t\t\t\t<div class=\"elementor-widget-container\">\n\t\t\t\t\t<h2 class=\"elementor-heading-title elementor-size-default\">Press release \u2013 Crystal Hotel Lausanne<\/h2>\t\t\t\t<\/div>\n\t\t\t\t<\/div>\n\t\t\t\t<div class=\"elementor-element elementor-element-5f9c54e4 introtxt elementor-widget elementor-widget-text-editor\" data-id=\"5f9c54e4\" data-element_type=\"widget\" id=\"txt\" data-widget_type=\"text-editor.default\">\n\t\t\t\t<div class=\"elementor-widget-container\">\n\t\t\t\t\t\t\t\t\t<p>After many years of welcoming guests in the heart of Lausanne, the Crystal Hotel has closed its doors.<\/p><p>We would like to express our heartfelt thanks to everyone who has stayed at the Crystal over the years. Your loyalty, trust, and numerous messages have given meaning to this human and family adventure. It is thanks to you that the Crystal has been able to thrive, evolve, and pass through the years with passion.<\/p><p>Although this chapter has come to an end, the story of hospitality continues. C\u00e9dric Fiora is now continuing his hotel adventure in Lausanne with Appart&#8217;H\u00f4tel 46a, an independent establishment located a stone&#8217;s throw from the lake, designed to offer comfort, freedom, and well-being, whether for a short or long stay.<\/p><p>We would be delighted to welcome you and see you again at our new address:<br \/>Avenue de Rhodanie 46A, 1007 Lausanne<\/p><p>Website: <a href=\"http:\/\/www.46a.ch\/en\">www.46a.ch\/en<\/a><\/p><p>Thank you once again for your loyalty and support over the years. We look forward to seeing you again very soon!<\/p><p>C\u00e9dric Fiora.<\/p>\t\t\t\t\t\t\t\t<\/div>\n\t\t\t\t<\/div>\n\t\t\t\t<div class=\"elementor-element elementor-element-dce4507 elementor-align-center animated-slow elementor-invisible elementor-widget elementor-widget-button\" data-id=\"dce4507\" data-element_type=\"widget\" data-settings=\"{&quot;_animation&quot;:&quot;fadeIn&quot;,&quot;_animation_delay&quot;:700}\" data-widget_type=\"button.default\">\n\t\t\t\t<div class=\"elementor-widget-container\">\n\t\t\t\t\t\t\t\t\t<div class=\"elementor-button-wrapper\">\n\t\t\t\t\t<a class=\"elementor-button elementor-button-link elementor-size-sm\" href=\"\/en\">\n\t\t\t\t\t\t<span class=\"elementor-button-content-wrapper\">\n\t\t\t\t\t\t\t\t\t<span class=\"elementor-button-text\">46a.ch<\/span>\n\t\t\t\t\t<\/span>\n\t\t\t\t\t<\/a>\n\t\t\t\t<\/div>\n\t\t\t\t\t\t\t\t<\/div>\n\t\t\t\t<\/div>\n\t\t\t\t<\/div>\n\t\t\t\t\t<\/div>\n\t\t\t\t<\/div>\n\t\t\t\t<\/div>\n\t\t","protected":false},"excerpt":{"rendered":"<p>H\u00f4tel Crystal Lausanne Press release \u2013 Crystal Hotel Lausanne After many years of welcoming guests in the heart of Lausanne, the Crystal Hotel has closed its doors. We would like to express our heartfelt thanks to everyone who has stayed at the Crystal over the years. Your loyalty, trust, and numerous messages have given meaning [&hellip;]<\/p>\n","protected":false},"author":2,"featured_media":0,"parent":0,"menu_order":0,"comment_status":"closed","ping_status":"closed","template":"elementor_header_footer","meta":{"footnotes":""},"class_list":["post-2371","page","type-page","status-publish","hentry"],"yoast_head":"<!-- This site is optimized with the Yoast SEO plugin v26.7 - https:\/\/yoast.com\/wordpress\/plugins\/seo\/ -->\n<title>Hotel Crystal - Press release \u2013 Crystal Hotel Lausanne - Lausanne- Switzerland<\/title>\n<meta name=\"description\" content=\"L&#039;h\u00f4tel Crystal se situe au centre de Lausanne, \u00e0 deux pas de Bel-Air, de St-Laurent et de la Riponne et offre une des plus belles vues sur le lac et la cath\u00e9drale.\" \/>\n<meta name=\"robots\" content=\"index, follow, max-snippet:-1, max-image-preview:large, max-video-preview:-1\" \/>\n<link rel=\"canonical\" href=\"https:\/\/www.46a.ch\/en\/crystal-lausanne\/\" \/>\n<meta property=\"og:locale\" content=\"en_US\" \/>\n<meta property=\"og:type\" content=\"article\" \/>\n<meta property=\"og:title\" content=\"Hotel Crystal - Press release \u2013 Crystal Hotel Lausanne - Lausanne- Switzerland\" \/>\n<meta property=\"og:description\" content=\"L&#039;h\u00f4tel Crystal se situe au centre de Lausanne, \u00e0 deux pas de Bel-Air, de St-Laurent et de la Riponne et offre une des plus belles vues sur le lac et la cath\u00e9drale.\" \/>\n<meta property=\"og:url\" content=\"https:\/\/www.46a.ch\/en\/crystal-lausanne\/\" \/>\n<meta property=\"og:site_name\" content=\"Hotel Crystal\" \/>\n<meta property=\"article:modified_time\" content=\"2026-01-22T18:01:26+00:00\" \/>\n<meta name=\"twitter:card\" content=\"summary_large_image\" \/>\n<meta name=\"twitter:label1\" content=\"Est. reading time\" \/>\n\t<meta name=\"twitter:data1\" content=\"1 minute\" \/>\n<script type=\"application\/ld+json\" class=\"yoast-schema-graph\">{\"@context\":\"https:\/\/schema.org\",\"@graph\":[{\"@type\":\"WebPage\",\"@id\":\"https:\/\/www.46a.ch\/en\/crystal-lausanne\/\",\"url\":\"https:\/\/www.46a.ch\/en\/crystal-lausanne\/\",\"name\":\"Hotel Crystal - Press release \u2013 Crystal Hotel Lausanne - Lausanne- Switzerland\",\"isPartOf\":{\"@id\":\"https:\/\/www.46a.ch\/en\/#website\"},\"datePublished\":\"2026-01-22T17:44:54+00:00\",\"dateModified\":\"2026-01-22T18:01:26+00:00\",\"description\":\"L'h\u00f4tel Crystal se situe au centre de Lausanne, \u00e0 deux pas de Bel-Air, de St-Laurent et de la Riponne et offre une des plus belles vues sur le lac et la cath\u00e9drale.\",\"breadcrumb\":{\"@id\":\"https:\/\/www.46a.ch\/en\/crystal-lausanne\/#breadcrumb\"},\"inLanguage\":\"en-US\",\"potentialAction\":[{\"@type\":\"ReadAction\",\"target\":[\"https:\/\/www.46a.ch\/en\/crystal-lausanne\/\"]}]},{\"@type\":\"BreadcrumbList\",\"@id\":\"https:\/\/www.46a.ch\/en\/crystal-lausanne\/#breadcrumb\",\"itemListElement\":[{\"@type\":\"ListItem\",\"position\":1,\"name\":\"Accueil\",\"item\":\"https:\/\/www.46a.ch\/en\/\"},{\"@type\":\"ListItem\",\"position\":2,\"name\":\"Press release \u2013 Crystal Hotel Lausanne\"}]},{\"@type\":\"WebSite\",\"@id\":\"https:\/\/www.46a.ch\/en\/#website\",\"url\":\"https:\/\/www.46a.ch\/en\/\",\"name\":\"H\u00f4tel Crystal\",\"description\":\"\",\"publisher\":{\"@id\":\"https:\/\/www.46a.ch\/en\/#organization\"},\"potentialAction\":[{\"@type\":\"SearchAction\",\"target\":{\"@type\":\"EntryPoint\",\"urlTemplate\":\"https:\/\/www.46a.ch\/en\/?s={search_term_string}\"},\"query-input\":{\"@type\":\"PropertyValueSpecification\",\"valueRequired\":true,\"valueName\":\"search_term_string\"}}],\"inLanguage\":\"en-US\"},{\"@type\":\"Organization\",\"@id\":\"https:\/\/www.46a.ch\/en\/#organization\",\"name\":\"H\u00f4tel Crystal\",\"url\":\"https:\/\/www.46a.ch\/en\/\",\"logo\":{\"@type\":\"ImageObject\",\"inLanguage\":\"en-US\",\"@id\":\"https:\/\/www.46a.ch\/en\/#\/schema\/logo\/image\/\",\"url\":\"https:\/\/www.46a.ch\/wp-content\/uploads\/2022\/12\/cropped-46a-logo.png\",\"contentUrl\":\"https:\/\/www.46a.ch\/wp-content\/uploads\/2022\/12\/cropped-46a-logo.png\",\"width\":854,\"height\":448,\"caption\":\"H\u00f4tel Crystal\"},\"image\":{\"@id\":\"https:\/\/www.46a.ch\/en\/#\/schema\/logo\/image\/\"}}]}<\/script>\n<!-- \/ Yoast SEO plugin. -->","yoast_head_json":{"title":"Hotel Crystal - Press release \u2013 Crystal Hotel Lausanne - Lausanne- Switzerland","description":"L'h\u00f4tel Crystal se situe au centre de Lausanne, \u00e0 deux pas de Bel-Air, de St-Laurent et de la Riponne et offre une des plus belles vues sur le lac et la cath\u00e9drale.","robots":{"index":"index","follow":"follow","max-snippet":"max-snippet:-1","max-image-preview":"max-image-preview:large","max-video-preview":"max-video-preview:-1"},"canonical":"https:\/\/www.46a.ch\/en\/crystal-lausanne\/","og_locale":"en_US","og_type":"article","og_title":"Hotel Crystal - Press release \u2013 Crystal Hotel Lausanne - Lausanne- Switzerland","og_description":"L'h\u00f4tel Crystal se situe au centre de Lausanne, \u00e0 deux pas de Bel-Air, de St-Laurent et de la Riponne et offre une des plus belles vues sur le lac et la cath\u00e9drale.","og_url":"https:\/\/www.46a.ch\/en\/crystal-lausanne\/","og_site_name":"Hotel Crystal","article_modified_time":"2026-01-22T18:01:26+00:00","twitter_card":"summary_large_image","twitter_misc":{"Est. reading time":"1 minute"},"schema":{"@context":"https:\/\/schema.org","@graph":[{"@type":"WebPage","@id":"https:\/\/www.46a.ch\/en\/crystal-lausanne\/","url":"https:\/\/www.46a.ch\/en\/crystal-lausanne\/","name":"Hotel Crystal - Press release \u2013 Crystal Hotel Lausanne - Lausanne- Switzerland","isPartOf":{"@id":"https:\/\/www.46a.ch\/en\/#website"},"datePublished":"2026-01-22T17:44:54+00:00","dateModified":"2026-01-22T18:01:26+00:00","description":"L'h\u00f4tel Crystal se situe au centre de Lausanne, \u00e0 deux pas de Bel-Air, de St-Laurent et de la Riponne et offre une des plus belles vues sur le lac et la cath\u00e9drale.","breadcrumb":{"@id":"https:\/\/www.46a.ch\/en\/crystal-lausanne\/#breadcrumb"},"inLanguage":"en-US","potentialAction":[{"@type":"ReadAction","target":["https:\/\/www.46a.ch\/en\/crystal-lausanne\/"]}]},{"@type":"BreadcrumbList","@id":"https:\/\/www.46a.ch\/en\/crystal-lausanne\/#breadcrumb","itemListElement":[{"@type":"ListItem","position":1,"name":"Accueil","item":"https:\/\/www.46a.ch\/en\/"},{"@type":"ListItem","position":2,"name":"Press release \u2013 Crystal Hotel Lausanne"}]},{"@type":"WebSite","@id":"https:\/\/www.46a.ch\/en\/#website","url":"https:\/\/www.46a.ch\/en\/","name":"H\u00f4tel Crystal","description":"","publisher":{"@id":"https:\/\/www.46a.ch\/en\/#organization"},"potentialAction":[{"@type":"SearchAction","target":{"@type":"EntryPoint","urlTemplate":"https:\/\/www.46a.ch\/en\/?s={search_term_string}"},"query-input":{"@type":"PropertyValueSpecification","valueRequired":true,"valueName":"search_term_string"}}],"inLanguage":"en-US"},{"@type":"Organization","@id":"https:\/\/www.46a.ch\/en\/#organization","name":"H\u00f4tel Crystal","url":"https:\/\/www.46a.ch\/en\/","logo":{"@type":"ImageObject","inLanguage":"en-US","@id":"https:\/\/www.46a.ch\/en\/#\/schema\/logo\/image\/","url":"https:\/\/www.46a.ch\/wp-content\/uploads\/2022\/12\/cropped-46a-logo.png","contentUrl":"https:\/\/www.46a.ch\/wp-content\/uploads\/2022\/12\/cropped-46a-logo.png","width":854,"height":448,"caption":"H\u00f4tel Crystal"},"image":{"@id":"https:\/\/www.46a.ch\/en\/#\/schema\/logo\/image\/"}}]}},"_links":{"self":[{"href":"https:\/\/www.46a.ch\/en\/wp-json\/wp\/v2\/pages\/2371","targetHints":{"allow":["GET"]}}],"collection":[{"href":"https:\/\/www.46a.ch\/en\/wp-json\/wp\/v2\/pages"}],"about":[{"href":"https:\/\/www.46a.ch\/en\/wp-json\/wp\/v2\/types\/page"}],"author":[{"embeddable":true,"href":"https:\/\/www.46a.ch\/en\/wp-json\/wp\/v2\/users\/2"}],"replies":[{"embeddable":true,"href":"https:\/\/www.46a.ch\/en\/wp-json\/wp\/v2\/comments?post=2371"}],"version-history":[{"count":7,"href":"https:\/\/www.46a.ch\/en\/wp-json\/wp\/v2\/pages\/2371\/revisions"}],"predecessor-version":[{"id":2381,"href":"https:\/\/www.46a.ch\/en\/wp-json\/wp\/v2\/pages\/2371\/revisions\/2381"}],"wp:attachment":[{"href":"https:\/\/www.46a.ch\/en\/wp-json\/wp\/v2\/media?parent=2371"}],"curies":[{"name":"wp","href":"https:\/\/api.w.org\/{rel}","templated":true}]}}